{"id":5314,"date":"2025-07-02T20:37:37","date_gmt":"2025-07-03T01:37:37","guid":{"rendered":"https:\/\/corazonluxuryrentals.mx\/?page_id=5314"},"modified":"2025-09-23T16:01:20","modified_gmt":"2025-09-23T21:01:20","slug":"descubre-playa-del-carmen","status":"publish","type":"page","link":"https:\/\/corazonluxuryrentals.mx\/es\/descubre-playa-del-carmen\/","title":{"rendered":"Descubre Playa del Carmen"},"content":{"rendered":"\t\t<div data-elementor-type=\"wp-page\" data-elementor-id=\"5314\" class=\"elementor elementor-5314\">\n\t\t\t\t\t\t<section class=\"elementor-section elementor-top-section elementor-element elementor-element-475247e elementor-section-height-min-height elementor-section-boxed elementor-section-height-default elementor-section-items-middle\" data-id=\"475247e\" data-element_type=\"section\" data-settings=\"{&quot;background_background&quot;:&quot;classic&quot;}\">\n\t\t\t\t\t\t\t<div class=\"elementor-background-overlay\"><\/div>\n\t\t\t\t\t\t\t<div class=\"elementor-container elementor-column-gap-default\">\n\t\t\t\t\t<div class=\"elementor-column elementor-col-100 elementor-top-column elementor-element elementor-element-f24f409\" data-id=\"f24f409\" data-element_type=\"column\">\n\t\t\t<div class=\"elementor-widget-wrap elementor-element-populated\">\n\t\t\t\t\t\t<div class=\"elementor-element elementor-element-d9b468d elementor-widget elementor-widget-homey_elementor_section_title\" data-id=\"d9b468d\" data-element_type=\"widget\" data-widget_type=\"homey_elementor_section_title.default\">\n\t\t\t\t<div class=\"elementor-widget-container\">\n\t\t\t\t\t            <div class=\"homey_section_title_wrap_elementor homey-module module-title section-title-module\">\n                                    <h2 class=\"homey_section_title\">Descubre Playa del Carmen<\/h2>\n                \n                                    <p class=\"homey_section_subtitle sub-heading\">Ofrecemos experiencias \u00fanicas en la Riviera Maya<\/p>\n                            <\/div>\n            \t\t\t\t<\/div>\n\t\t\t\t<\/div>\n\t\t\t\t\t<\/div>\n\t\t<\/div>\n\t\t\t\t\t<\/div>\n\t\t<\/section>\n\t\t\t\t<section class=\"elementor-section elementor-top-section elementor-element elementor-element-d579593 elementor-section-boxed elementor-section-height-default elementor-section-height-default elementor-invisible\" data-id=\"d579593\" data-element_type=\"section\" data-settings=\"{&quot;background_background&quot;:&quot;classic&quot;,&quot;animation&quot;:&quot;fadeIn&quot;}\">\n\t\t\t\t\t\t<div class=\"elementor-container elementor-column-gap-default\">\n\t\t\t\t\t<div class=\"elementor-column elementor-col-50 elementor-top-column elementor-element elementor-element-1c6d8e9\" data-id=\"1c6d8e9\" data-element_type=\"column\">\n\t\t\t<div class=\"elementor-widget-wrap elementor-element-populated\">\n\t\t\t\t\t\t<div class=\"elementor-element elementor-element-6262411 elementor-widget elementor-widget-spacer\" data-id=\"6262411\" data-element_type=\"widget\" data-widget_type=\"spacer.default\">\n\t\t\t\t<div class=\"elementor-widget-container\">\n\t\t\t\t\t\t\t<div class=\"elementor-spacer\">\n\t\t\t<div class=\"elementor-spacer-inner\"><\/div>\n\t\t<\/div>\n\t\t\t\t\t\t<\/div>\n\t\t\t\t<\/div>\n\t\t\t\t<section class=\"elementor-section elementor-inner-section elementor-element elementor-element-c02ef26 elementor-section-boxed elementor-section-height-default elementor-section-height-default\" data-id=\"c02ef26\" data-element_type=\"section\">\n\t\t\t\t\t\t<div class=\"elementor-container elementor-column-gap-default\">\n\t\t\t\t\t<div class=\"elementor-column elementor-col-100 elementor-inner-column elementor-element elementor-element-6f2a936\" data-id=\"6f2a936\" data-element_type=\"column\">\n\t\t\t<div class=\"elementor-widget-wrap elementor-element-populated\">\n\t\t\t\t\t\t<div class=\"elementor-element elementor-element-efc43c4 elementor-widget elementor-widget-heading\" data-id=\"efc43c4\" data-element_type=\"widget\" data-widget_type=\"heading.default\">\n\t\t\t\t<div class=\"elementor-widget-container\">\n\t\t\t\t\t<h2 class=\"elementor-heading-title elementor-size-default\">Playas<\/h2>\t\t\t\t<\/div>\n\t\t\t\t<\/div>\n\t\t\t\t<div class=\"elementor-element elementor-element-dffeda6 elementor-widget elementor-widget-text-editor\" data-id=\"dffeda6\" data-element_type=\"widget\" data-widget_type=\"text-editor.default\">\n\t\t\t\t<div class=\"elementor-widget-container\">\n\t\t\t\t\t\t\t\t\t<div class=\"vc_row wpb_row vc_inner vc_row-fluid\">\n<div class=\"wpb_column vc_column_container vc_col-sm-6\">\n<div class=\"vc_column-inner\">\n<div class=\"wpb_wrapper\">\n<div class=\"wpb_text_column wpb_content_element \">\n<div class=\"wpb_wrapper\">\n<p data-start=\"101\" data-end=\"121\"><strong data-start=\"101\" data-end=\"119\">PLAYACAR<\/strong><\/p>\n<p data-start=\"123\" data-end=\"284\">Una de las playas m\u00e1s exclusivas y espectaculares de la Riviera Maya se encuentra justo frente a nuestra propiedad, dentro de la comunidad privada de Playacar.<\/p>\n<p data-start=\"286\" data-end=\"483\">La playa de Playacar Fase I est\u00e1 naturalmente protegida por el arrecife de coral que corre en paralelo a la costa, lo que mantiene las aguas tranquilas, seguras y perfectas para nadar en familia.<\/p>\n<p data-start=\"485\" data-end=\"788\">A poca distancia mar adentro, el arrecife tambi\u00e9n ofrece condiciones ideales para practicar esn\u00f3rquel y admirar peces tropicales y la vibrante vida marina. Los hu\u00e9spedes pueden disfrutar adem\u00e1s de kayak y paddle board en estas aguas serenas, con todo el equipo disponible directamente en la propied<\/p>\n<\/div>\n<\/div>\n<\/div>\n<\/div>\n<\/div>\n<\/div>\t\t\t\t\t\t\t\t<\/div>\n\t\t\t\t<\/div>\n\t\t\t\t\t<\/div>\n\t\t<\/div>\n\t\t\t\t\t<\/div>\n\t\t<\/section>\n\t\t\t\t\t<\/div>\n\t\t<\/div>\n\t\t\t\t<div class=\"elementor-column elementor-col-50 elementor-top-column elementor-element elementor-element-1c26c42\" data-id=\"1c26c42\" data-element_type=\"column\">\n\t\t\t<div class=\"elementor-widget-wrap elementor-element-populated\">\n\t\t\t\t\t\t<div class=\"elementor-element elementor-element-b29de52 elementor-widget elementor-widget-spacer\" data-id=\"b29de52\" data-element_type=\"widget\" data-widget_type=\"spacer.default\">\n\t\t\t\t<div class=\"elementor-widget-container\">\n\t\t\t\t\t\t\t<div class=\"elementor-spacer\">\n\t\t\t<div class=\"elementor-spacer-inner\"><\/div>\n\t\t<\/div>\n\t\t\t\t\t\t<\/div>\n\t\t\t\t<\/div>\n\t\t\t\t<div class=\"elementor-element elementor-element-9275239 elementor-widget elementor-widget-image\" data-id=\"9275239\" data-element_type=\"widget\" data-widget_type=\"image.default\">\n\t\t\t\t<div class=\"elementor-widget-container\">\n\t\t\t\t\t\t\t\t\t\t\t\t\t\t\t<img fetchpriority=\"high\" decoding=\"async\" width=\"1024\" height=\"607\" src=\"https:\/\/corazonluxuryrentals.mx\/wp-content\/uploads\/2025\/05\/Playa-del-Carmen-about-beaches-2-1024x607.jpg\" class=\"attachment-large size-large wp-image-4907\" alt=\"\" srcset=\"https:\/\/corazonluxuryrentals.mx\/wp-content\/uploads\/2025\/05\/Playa-del-Carmen-about-beaches-2-1024x607.jpg 1024w, https:\/\/corazonluxuryrentals.mx\/wp-content\/uploads\/2025\/05\/Playa-del-Carmen-about-beaches-2-300x178.jpg 300w, https:\/\/corazonluxuryrentals.mx\/wp-content\/uploads\/2025\/05\/Playa-del-Carmen-about-beaches-2-768x455.jpg 768w, https:\/\/corazonluxuryrentals.mx\/wp-content\/uploads\/2025\/05\/Playa-del-Carmen-about-beaches-2-843x500.jpg 843w, https:\/\/corazonluxuryrentals.mx\/wp-content\/uploads\/2025\/05\/Playa-del-Carmen-about-beaches-2.jpg 1140w\" sizes=\"(max-width: 1024px) 100vw, 1024px\" \/>\t\t\t\t\t\t\t\t\t\t\t\t\t\t\t<\/div>\n\t\t\t\t<\/div>\n\t\t\t\t\t<\/div>\n\t\t<\/div>\n\t\t\t\t\t<\/div>\n\t\t<\/section>\n\t\t\t\t<section class=\"elementor-section elementor-top-section elementor-element elementor-element-975f6db elementor-section-boxed elementor-section-height-default elementor-section-height-default elementor-invisible\" data-id=\"975f6db\" data-element_type=\"section\" data-settings=\"{&quot;background_background&quot;:&quot;classic&quot;,&quot;animation&quot;:&quot;fadeIn&quot;}\">\n\t\t\t\t\t\t<div class=\"elementor-container elementor-column-gap-default\">\n\t\t\t\t\t<div class=\"elementor-column elementor-col-50 elementor-top-column elementor-element elementor-element-2635d2e\" data-id=\"2635d2e\" data-element_type=\"column\">\n\t\t\t<div class=\"elementor-widget-wrap elementor-element-populated\">\n\t\t\t\t\t\t<div class=\"elementor-element elementor-element-a7546b6 elementor-widget elementor-widget-spacer\" data-id=\"a7546b6\" data-element_type=\"widget\" data-widget_type=\"spacer.default\">\n\t\t\t\t<div class=\"elementor-widget-container\">\n\t\t\t\t\t\t\t<div class=\"elementor-spacer\">\n\t\t\t<div class=\"elementor-spacer-inner\"><\/div>\n\t\t<\/div>\n\t\t\t\t\t\t<\/div>\n\t\t\t\t<\/div>\n\t\t\t\t<div class=\"elementor-element elementor-element-05c95f0 elementor-widget elementor-widget-image\" data-id=\"05c95f0\" data-element_type=\"widget\" data-widget_type=\"image.default\">\n\t\t\t\t<div class=\"elementor-widget-container\">\n\t\t\t\t\t\t\t\t\t\t\t\t\t\t\t<img decoding=\"async\" width=\"1024\" height=\"607\" src=\"https:\/\/corazonluxuryrentals.mx\/wp-content\/uploads\/2025\/05\/Playa-del-Carmen-about-in-water-02-1024x607.jpg\" class=\"attachment-large size-large wp-image-4910\" alt=\"\" srcset=\"https:\/\/corazonluxuryrentals.mx\/wp-content\/uploads\/2025\/05\/Playa-del-Carmen-about-in-water-02-1024x607.jpg 1024w, https:\/\/corazonluxuryrentals.mx\/wp-content\/uploads\/2025\/05\/Playa-del-Carmen-about-in-water-02-300x178.jpg 300w, https:\/\/corazonluxuryrentals.mx\/wp-content\/uploads\/2025\/05\/Playa-del-Carmen-about-in-water-02-768x455.jpg 768w, https:\/\/corazonluxuryrentals.mx\/wp-content\/uploads\/2025\/05\/Playa-del-Carmen-about-in-water-02-843x500.jpg 843w, https:\/\/corazonluxuryrentals.mx\/wp-content\/uploads\/2025\/05\/Playa-del-Carmen-about-in-water-02.jpg 1140w\" sizes=\"(max-width: 1024px) 100vw, 1024px\" \/>\t\t\t\t\t\t\t\t\t\t\t\t\t\t\t<\/div>\n\t\t\t\t<\/div>\n\t\t\t\t\t<\/div>\n\t\t<\/div>\n\t\t\t\t<div class=\"elementor-column elementor-col-50 elementor-top-column elementor-element elementor-element-6ac46dc\" data-id=\"6ac46dc\" data-element_type=\"column\">\n\t\t\t<div class=\"elementor-widget-wrap elementor-element-populated\">\n\t\t\t\t\t\t<div class=\"elementor-element elementor-element-c8bafa6 elementor-widget elementor-widget-spacer\" data-id=\"c8bafa6\" data-element_type=\"widget\" data-widget_type=\"spacer.default\">\n\t\t\t\t<div class=\"elementor-widget-container\">\n\t\t\t\t\t\t\t<div class=\"elementor-spacer\">\n\t\t\t<div class=\"elementor-spacer-inner\"><\/div>\n\t\t<\/div>\n\t\t\t\t\t\t<\/div>\n\t\t\t\t<\/div>\n\t\t\t\t<section class=\"elementor-section elementor-inner-section elementor-element elementor-element-df8c0af elementor-section-boxed elementor-section-height-default elementor-section-height-default\" data-id=\"df8c0af\" data-element_type=\"section\">\n\t\t\t\t\t\t<div class=\"elementor-container elementor-column-gap-default\">\n\t\t\t\t\t<div class=\"elementor-column elementor-col-100 elementor-inner-column elementor-element elementor-element-cd987db\" data-id=\"cd987db\" data-element_type=\"column\">\n\t\t\t<div class=\"elementor-widget-wrap elementor-element-populated\">\n\t\t\t\t\t\t<div class=\"elementor-element elementor-element-679ae6e elementor-widget elementor-widget-heading\" data-id=\"679ae6e\" data-element_type=\"widget\" data-widget_type=\"heading.default\">\n\t\t\t\t<div class=\"elementor-widget-container\">\n\t\t\t\t\t<h2 class=\"elementor-heading-title elementor-size-default\">En el agua<\/h2>\t\t\t\t<\/div>\n\t\t\t\t<\/div>\n\t\t\t\t<div class=\"elementor-element elementor-element-35abdd3 elementor-widget elementor-widget-text-editor\" data-id=\"35abdd3\" data-element_type=\"widget\" data-widget_type=\"text-editor.default\">\n\t\t\t\t<div class=\"elementor-widget-container\">\n\t\t\t\t\t\t\t\t\t<div class=\"vc_row wpb_row vc_inner vc_row-fluid\"><div class=\"wpb_column vc_column_container vc_col-sm-6\"><div class=\"vc_column-inner\"><div class=\"wpb_wrapper\"><div class=\"wpb_text_column wpb_content_element \"><div class=\"wpb_wrapper\"><p>Cientos de kil\u00f3metros de espectaculares playas se extienden a lo largo de la costa de la Riviera Maya. Con las cristalinas aguas turquesas del Mar Caribe como tel\u00f3n de fondo, la Riviera Maya de M\u00e9xico es un destino ideal para deportes acu\u00e1ticos y aventuras, tanto en la superficie como bajo el agua.<\/p><p>El Caribe mexicano est\u00e1 catalogado como un destino de clase mundial para el buceo y el snorkel. El segundo sistema de arrecifes de coral m\u00e1s grande del mundo se extiende a lo largo de la costa y una impresionante variedad de coloridos corales, peces tropicales y vida marina prosperan justo debajo de la superficie del oc\u00e9ano.<\/p><p>Tambi\u00e9n puedes disfrutar del snorkel y el buceo en cuevas en los miles de cenotes (sumideros subterr\u00e1neos) que se encuentran dispersos por toda la regi\u00f3n. Explorar esta red subterr\u00e1nea de piscinas y r\u00edos de agua dulce es una de las actividades m\u00e1s singulares que puedes hacer en la Riviera Maya, M\u00e9xico.<\/p><\/div><\/div><\/div><\/div><\/div><\/div>\t\t\t\t\t\t\t\t<\/div>\n\t\t\t\t<\/div>\n\t\t\t\t\t<\/div>\n\t\t<\/div>\n\t\t\t\t\t<\/div>\n\t\t<\/section>\n\t\t\t\t\t<\/div>\n\t\t<\/div>\n\t\t\t\t\t<\/div>\n\t\t<\/section>\n\t\t\t\t<section class=\"elementor-section elementor-top-section elementor-element elementor-element-d393a30 elementor-section-boxed elementor-section-height-default elementor-section-height-default elementor-invisible\" data-id=\"d393a30\" data-element_type=\"section\" data-settings=\"{&quot;background_background&quot;:&quot;classic&quot;,&quot;animation&quot;:&quot;fadeIn&quot;}\">\n\t\t\t\t\t\t<div class=\"elementor-container elementor-column-gap-default\">\n\t\t\t\t\t<div class=\"elementor-column elementor-col-50 elementor-top-column elementor-element elementor-element-0425c0f\" data-id=\"0425c0f\" data-element_type=\"column\">\n\t\t\t<div class=\"elementor-widget-wrap elementor-element-populated\">\n\t\t\t\t\t\t<div class=\"elementor-element elementor-element-870f8ea elementor-widget elementor-widget-spacer\" data-id=\"870f8ea\" data-element_type=\"widget\" data-widget_type=\"spacer.default\">\n\t\t\t\t<div class=\"elementor-widget-container\">\n\t\t\t\t\t\t\t<div class=\"elementor-spacer\">\n\t\t\t<div class=\"elementor-spacer-inner\"><\/div>\n\t\t<\/div>\n\t\t\t\t\t\t<\/div>\n\t\t\t\t<\/div>\n\t\t\t\t<section class=\"elementor-section elementor-inner-section elementor-element elementor-element-fb505cf elementor-section-boxed elementor-section-height-default elementor-section-height-default\" data-id=\"fb505cf\" data-element_type=\"section\">\n\t\t\t\t\t\t<div class=\"elementor-container elementor-column-gap-default\">\n\t\t\t\t\t<div class=\"elementor-column elementor-col-100 elementor-inner-column elementor-element elementor-element-4bda226\" data-id=\"4bda226\" data-element_type=\"column\">\n\t\t\t<div class=\"elementor-widget-wrap elementor-element-populated\">\n\t\t\t\t\t\t<div class=\"elementor-element elementor-element-6c998db elementor-widget elementor-widget-heading\" data-id=\"6c998db\" data-element_type=\"widget\" data-widget_type=\"heading.default\">\n\t\t\t\t<div class=\"elementor-widget-container\">\n\t\t\t\t\t<h2 class=\"elementor-heading-title elementor-size-default\">GOLF<\/h2>\t\t\t\t<\/div>\n\t\t\t\t<\/div>\n\t\t\t\t<div class=\"elementor-element elementor-element-df71b3f elementor-widget elementor-widget-text-editor\" data-id=\"df71b3f\" data-element_type=\"widget\" data-widget_type=\"text-editor.default\">\n\t\t\t\t<div class=\"elementor-widget-container\">\n\t\t\t\t\t\t\t\t\t<div class=\"vc_row wpb_row vc_inner vc_row-fluid\"><div class=\"wpb_column vc_column_container vc_col-sm-6\"><div class=\"vc_column-inner\"><div class=\"wpb_wrapper\"><div class=\"wpb_text_column wpb_content_element \"><div class=\"wpb_wrapper\"><p data-start=\"90\" data-end=\"138\"><strong data-start=\"90\" data-end=\"136\">Si te gusta el golf, descubre la Ruta Maya<\/strong><\/p><p data-start=\"140\" data-end=\"326\">A solo minutos, el Hard Rock Golf Club Playacar ofrece una experiencia inolvidable de golf rodeada de selva tropical, lagunas turquesa, cenotes y con el Mar Caribe como tel\u00f3n de fondo.<\/p><p data-start=\"328\" data-end=\"759\">M\u00e1s all\u00e1 de Playacar, la Ruta Maya se extiende a lo largo de la Riviera Maya y Canc\u00fan, llegando incluso hasta Cozumel. Estos campos de clase mundial, dise\u00f1ados por leyendas como Jack Nicklaus, Greg Norman y Robert Trent Jones Jr., combinan la belleza natural con dise\u00f1os de campeonato. Perfectos para golfistas de todos los niveles, son una manera \u00fanica de combinar deporte, lujo y los impresionantes paisajes de la Riviera Maya.<\/p><\/div><\/div><\/div><\/div><\/div><\/div>\t\t\t\t\t\t\t\t<\/div>\n\t\t\t\t<\/div>\n\t\t\t\t\t<\/div>\n\t\t<\/div>\n\t\t\t\t\t<\/div>\n\t\t<\/section>\n\t\t\t\t\t<\/div>\n\t\t<\/div>\n\t\t\t\t<div class=\"elementor-column elementor-col-50 elementor-top-column elementor-element elementor-element-4a62d7f\" data-id=\"4a62d7f\" data-element_type=\"column\">\n\t\t\t<div class=\"elementor-widget-wrap elementor-element-populated\">\n\t\t\t\t\t\t<div class=\"elementor-element elementor-element-5b496d9 elementor-widget elementor-widget-spacer\" data-id=\"5b496d9\" data-element_type=\"widget\" data-widget_type=\"spacer.default\">\n\t\t\t\t<div class=\"elementor-widget-container\">\n\t\t\t\t\t\t\t<div class=\"elementor-spacer\">\n\t\t\t<div class=\"elementor-spacer-inner\"><\/div>\n\t\t<\/div>\n\t\t\t\t\t\t<\/div>\n\t\t\t\t<\/div>\n\t\t\t\t<div class=\"elementor-element elementor-element-95d5170 elementor-widget elementor-widget-image\" data-id=\"95d5170\" data-element_type=\"widget\" data-widget_type=\"image.default\">\n\t\t\t\t<div class=\"elementor-widget-container\">\n\t\t\t\t\t\t\t\t\t\t\t\t\t\t\t<img decoding=\"async\" width=\"897\" height=\"600\" src=\"https:\/\/corazonluxuryrentals.mx\/wp-content\/uploads\/2025\/09\/playacar-golf-club-1.jpg\" class=\"attachment-large size-large wp-image-5660\" alt=\"\" srcset=\"https:\/\/corazonluxuryrentals.mx\/wp-content\/uploads\/2025\/09\/playacar-golf-club-1.jpg 897w, https:\/\/corazonluxuryrentals.mx\/wp-content\/uploads\/2025\/09\/playacar-golf-club-1-300x201.jpg 300w, https:\/\/corazonluxuryrentals.mx\/wp-content\/uploads\/2025\/09\/playacar-golf-club-1-768x514.jpg 768w, https:\/\/corazonluxuryrentals.mx\/wp-content\/uploads\/2025\/09\/playacar-golf-club-1-450x300.jpg 450w, https:\/\/corazonluxuryrentals.mx\/wp-content\/uploads\/2025\/09\/playacar-golf-club-1-120x80.jpg 120w, https:\/\/corazonluxuryrentals.mx\/wp-content\/uploads\/2025\/09\/playacar-golf-club-1-748x500.jpg 748w\" sizes=\"(max-width: 897px) 100vw, 897px\" \/>\t\t\t\t\t\t\t\t\t\t\t\t\t\t\t<\/div>\n\t\t\t\t<\/div>\n\t\t\t\t\t<\/div>\n\t\t<\/div>\n\t\t\t\t\t<\/div>\n\t\t<\/section>\n\t\t\t\t<section class=\"elementor-section elementor-top-section elementor-element elementor-element-eda2158 elementor-section-boxed elementor-section-height-default elementor-section-height-default elementor-invisible\" data-id=\"eda2158\" data-element_type=\"section\" data-settings=\"{&quot;background_background&quot;:&quot;classic&quot;,&quot;animation&quot;:&quot;fadeIn&quot;}\">\n\t\t\t\t\t\t<div class=\"elementor-container elementor-column-gap-default\">\n\t\t\t\t\t<div class=\"elementor-column elementor-col-50 elementor-top-column elementor-element elementor-element-ac5da54\" data-id=\"ac5da54\" data-element_type=\"column\">\n\t\t\t<div class=\"elementor-widget-wrap elementor-element-populated\">\n\t\t\t\t\t\t<div class=\"elementor-element elementor-element-5100102 elementor-widget elementor-widget-spacer\" data-id=\"5100102\" data-element_type=\"widget\" data-widget_type=\"spacer.default\">\n\t\t\t\t<div class=\"elementor-widget-container\">\n\t\t\t\t\t\t\t<div class=\"elementor-spacer\">\n\t\t\t<div class=\"elementor-spacer-inner\"><\/div>\n\t\t<\/div>\n\t\t\t\t\t\t<\/div>\n\t\t\t\t<\/div>\n\t\t\t\t<div class=\"elementor-element elementor-element-21025db elementor-widget elementor-widget-image\" data-id=\"21025db\" data-element_type=\"widget\" data-widget_type=\"image.default\">\n\t\t\t\t<div class=\"elementor-widget-container\">\n\t\t\t\t\t\t\t\t\t\t\t\t\t\t\t<img loading=\"lazy\" decoding=\"async\" width=\"1024\" height=\"607\" src=\"https:\/\/corazonluxuryrentals.mx\/wp-content\/uploads\/2025\/05\/Parks-1024x607.jpg\" class=\"attachment-large size-large wp-image-4951\" alt=\"\" srcset=\"https:\/\/corazonluxuryrentals.mx\/wp-content\/uploads\/2025\/05\/Parks-1024x607.jpg 1024w, https:\/\/corazonluxuryrentals.mx\/wp-content\/uploads\/2025\/05\/Parks-300x178.jpg 300w, https:\/\/corazonluxuryrentals.mx\/wp-content\/uploads\/2025\/05\/Parks-768x455.jpg 768w, https:\/\/corazonluxuryrentals.mx\/wp-content\/uploads\/2025\/05\/Parks-843x500.jpg 843w, https:\/\/corazonluxuryrentals.mx\/wp-content\/uploads\/2025\/05\/Parks.jpg 1140w\" sizes=\"(max-width: 1024px) 100vw, 1024px\" \/>\t\t\t\t\t\t\t\t\t\t\t\t\t\t\t<\/div>\n\t\t\t\t<\/div>\n\t\t\t\t\t<\/div>\n\t\t<\/div>\n\t\t\t\t<div class=\"elementor-column elementor-col-50 elementor-top-column elementor-element elementor-element-4ea5cc7\" data-id=\"4ea5cc7\" data-element_type=\"column\">\n\t\t\t<div class=\"elementor-widget-wrap elementor-element-populated\">\n\t\t\t\t\t\t<div class=\"elementor-element elementor-element-de8eb16 elementor-widget elementor-widget-spacer\" data-id=\"de8eb16\" data-element_type=\"widget\" data-widget_type=\"spacer.default\">\n\t\t\t\t<div class=\"elementor-widget-container\">\n\t\t\t\t\t\t\t<div class=\"elementor-spacer\">\n\t\t\t<div class=\"elementor-spacer-inner\"><\/div>\n\t\t<\/div>\n\t\t\t\t\t\t<\/div>\n\t\t\t\t<\/div>\n\t\t\t\t<section class=\"elementor-section elementor-inner-section elementor-element elementor-element-f94742d elementor-section-boxed elementor-section-height-default elementor-section-height-default\" data-id=\"f94742d\" data-element_type=\"section\">\n\t\t\t\t\t\t<div class=\"elementor-container elementor-column-gap-default\">\n\t\t\t\t\t<div class=\"elementor-column elementor-col-100 elementor-inner-column elementor-element elementor-element-3e87323\" data-id=\"3e87323\" data-element_type=\"column\">\n\t\t\t<div class=\"elementor-widget-wrap elementor-element-populated\">\n\t\t\t\t\t\t<div class=\"elementor-element elementor-element-451a530 elementor-widget elementor-widget-heading\" data-id=\"451a530\" data-element_type=\"widget\" data-widget_type=\"heading.default\">\n\t\t\t\t<div class=\"elementor-widget-container\">\n\t\t\t\t\t<h2 class=\"elementor-heading-title elementor-size-default\">Parques &amp; Aventura<\/h2>\t\t\t\t<\/div>\n\t\t\t\t<\/div>\n\t\t\t\t<div class=\"elementor-element elementor-element-0ee9fee elementor-widget elementor-widget-text-editor\" data-id=\"0ee9fee\" data-element_type=\"widget\" data-widget_type=\"text-editor.default\">\n\t\t\t\t<div class=\"elementor-widget-container\">\n\t\t\t\t\t\t\t\t\t<div class=\"vc_row wpb_row vc_inner vc_row-fluid\"><div class=\"wpb_column vc_column_container vc_col-sm-6\"><div class=\"vc_column-inner\"><div class=\"wpb_wrapper\"><div class=\"wpb_text_column wpb_content_element \"><div class=\"wpb_wrapper\"><p>Quintana Roo es uno de los estados m\u00e1s salvajes y singulares de M\u00e9xico. Es la puerta de entrada a una asombrosa diversidad animal, exuberantes flores y \u00e1rboles, y vestigios de la magn\u00edfica civilizaci\u00f3n maya. No te pierdas la oportunidad de explorar muchas de estas maravillas, que podr\u00e1s encontrar en los parques de la zona.<\/p><ul><li>XCARET<\/li><li>XPLOR<\/li><li>XEL-H\u00c1<\/li><li>XOXIMILCO<\/li><li>XENSES<\/li><\/ul><\/div><\/div><\/div><\/div><\/div><\/div>\t\t\t\t\t\t\t\t<\/div>\n\t\t\t\t<\/div>\n\t\t\t\t\t<\/div>\n\t\t<\/div>\n\t\t\t\t\t<\/div>\n\t\t<\/section>\n\t\t\t\t\t<\/div>\n\t\t<\/div>\n\t\t\t\t\t<\/div>\n\t\t<\/section>\n\t\t\t\t<\/div>\n\t\t","protected":false},"excerpt":{"rendered":"<p>Descubre Playa del Carmen Ofrecemos experiencias \u00fanicas en la Riviera Maya Playas PLAYACAR Una de las playas m\u00e1s exclusivas y espectaculares de la Riviera Maya se encuentra justo frente a nuestra propiedad, dentro de la comunidad privada de Playacar. La playa de Playacar Fase I est\u00e1 naturalmente protegida por el arrecife de coral que corre [&hellip;]<\/p>\n","protected":false},"author":1,"featured_media":0,"parent":0,"menu_order":0,"comment_status":"closed","ping_status":"closed","template":"elementor_header_footer","meta":{"footnotes":""},"class_list":["post-5314","page","type-page","status-publish","hentry"],"_links":{"self":[{"href":"https:\/\/corazonluxuryrentals.mx\/es\/wp-json\/wp\/v2\/pages\/5314","targetHints":{"allow":["GET"]}}],"collection":[{"href":"https:\/\/corazonluxuryrentals.mx\/es\/wp-json\/wp\/v2\/pages"}],"about":[{"href":"https:\/\/corazonluxuryrentals.mx\/es\/wp-json\/wp\/v2\/types\/page"}],"author":[{"embeddable":true,"href":"https:\/\/corazonluxuryrentals.mx\/es\/wp-json\/wp\/v2\/users\/1"}],"replies":[{"embeddable":true,"href":"https:\/\/corazonluxuryrentals.mx\/es\/wp-json\/wp\/v2\/comments?post=5314"}],"version-history":[{"count":10,"href":"https:\/\/corazonluxuryrentals.mx\/es\/wp-json\/wp\/v2\/pages\/5314\/revisions"}],"predecessor-version":[{"id":5667,"href":"https:\/\/corazonluxuryrentals.mx\/es\/wp-json\/wp\/v2\/pages\/5314\/revisions\/5667"}],"wp:attachment":[{"href":"https:\/\/corazonluxuryrentals.mx\/es\/wp-json\/wp\/v2\/media?parent=5314"}],"curies":[{"name":"wp","href":"https:\/\/api.w.org\/{rel}","templated":true}]}}